{"id":60,"date":"2018-12-14T22:56:35","date_gmt":"2018-12-14T21:56:35","guid":{"rendered":"https:\/\/www.naturoase-scharnebeck.de\/?page_id=60"},"modified":"2025-11-28T09:19:28","modified_gmt":"2025-11-28T08:19:28","slug":"impressum-2","status":"publish","type":"page","link":"https:\/\/www.naturoase-scharnebeck.de\/index.php\/impressum-2\/","title":{"rendered":"Impressum"},"content":{"rendered":"\n<p><strong>Naturoase Scharnebeck e.V.<\/strong><br>Im Winkel 7<br>21379 Scharnebeck<\/p>\n\n\n\n<p>Email: <a href=\"mailto:naturoase+vorstand@posteo.de\">naturoase+vorstand(att)posteo.de<\/a><br>Telefon: +49 4136 2320968 (privat)<\/p>\n\n\n\n<p><strong>Gemeinschaftlich vertretungsberechtigt sind zwei beliebige Vorstandsmitglieder:<\/strong><br>Vorsitzender: Karsten Hinz<br>Schriftf\u00fchrerin: Petra Mros<br>Kassenwartin: Kirsten Maa\u00df<\/p>\n\n\n\n<p><strong>Registergericht<\/strong>: Amtsgericht L\u00fcneburg<br><strong>Registernummer<\/strong>: VR 201635<\/p>\n\n\n\n<p><strong><strong>Verantwortlichkeit f\u00fcr den Inhalt:<\/strong><\/strong><br>Karsten Hinz<br>Im Winkel 7<br>21379 Scharnebeck<\/p>\n\n\n\n<p><\/p>\n","protected":false},"excerpt":{"rendered":"<p>Naturoase Scharnebeck e.V.Im Winkel 721379 Scharnebeck Email: naturoase+vorstand(att)posteo.deTelefon: +49 4136 2320968 (privat) Gemeinschaftlich vertretungsberechtigt sind zwei beliebige Vorstandsmitglieder:Vorsitzender: Karsten HinzSchriftf\u00fchrerin: Petra MrosKassenwartin: Kirsten Maa\u00df Registergericht: Amtsgericht L\u00fcneburgRegisternummer: VR 201635 Verantwortlichkeit f\u00fcr den Inhalt:Karsten HinzIm Winkel 721379 Scharnebeck<\/p>\n","protected":false},"author":1,"featured_media":0,"parent":0,"menu_order":0,"comment_status":"closed","ping_status":"closed","template":"","meta":{"footnotes":""},"class_list":["post-60","page","type-page","status-publish","hentry"],"_links":{"self":[{"href":"https:\/\/www.naturoase-scharnebeck.de\/index.php\/wp-json\/wp\/v2\/pages\/60","targetHints":{"allow":["GET"]}}],"collection":[{"href":"https:\/\/www.naturoase-scharnebeck.de\/index.php\/wp-json\/wp\/v2\/pages"}],"about":[{"href":"https:\/\/www.naturoase-scharnebeck.de\/index.php\/wp-json\/wp\/v2\/types\/page"}],"author":[{"embeddable":true,"href":"https:\/\/www.naturoase-scharnebeck.de\/index.php\/wp-json\/wp\/v2\/users\/1"}],"replies":[{"embeddable":true,"href":"https:\/\/www.naturoase-scharnebeck.de\/index.php\/wp-json\/wp\/v2\/comments?post=60"}],"version-history":[{"count":15,"href":"https:\/\/www.naturoase-scharnebeck.de\/index.php\/wp-json\/wp\/v2\/pages\/60\/revisions"}],"predecessor-version":[{"id":883,"href":"https:\/\/www.naturoase-scharnebeck.de\/index.php\/wp-json\/wp\/v2\/pages\/60\/revisions\/883"}],"wp:attachment":[{"href":"https:\/\/www.naturoase-scharnebeck.de\/index.php\/wp-json\/wp\/v2\/media?parent=60"}],"curies":[{"name":"wp","href":"https:\/\/api.w.org\/{rel}","templated":true}]}}