{"id":446,"date":"2022-05-13T15:20:51","date_gmt":"2022-05-13T13:20:51","guid":{"rendered":"https:\/\/www.naturoase-scharnebeck.de\/?page_id=446"},"modified":"2022-05-13T15:51:41","modified_gmt":"2022-05-13T13:51:41","slug":"regeln","status":"publish","type":"page","link":"https:\/\/www.naturoase-scharnebeck.de\/index.php\/regeln\/","title":{"rendered":"Regeln f\u00fcr ein gutes Miteinander"},"content":{"rendered":"\n<h2 class=\"wp-block-heading\">Verhaltensregeln f\u00fcr Mitglieder und G\u00e4ste<\/h2>\n\n\n\n<p>&gt; Damit wir uns weiterhin wohlf\u00fchlen &lt;<\/p>\n\n\n\n<ul class=\"wp-block-list\"><li>Aufr\u00e4umen (insbesondere Spielsachen + Gartenger\u00e4te)<\/li><li>M\u00fcll wieder mitnehmen<\/li><li>Hunde anleinen + keine Hundehaufen hinterlassen<\/li><li>nichts kaputtmachen<\/li><li>Sch\u00e4den melden<\/li><li>Nutzung bis maximal 21:30Uhr! Und fr\u00fchestens 6:00Uhr<\/li><\/ul>\n\n\n\n<h2 class=\"wp-block-heading\">Bewirtschaftung<\/h2>\n\n\n\n<p>&gt; Giftfrei um Leben zu f\u00f6rdern &lt;<\/p>\n\n\n\n<ul class=\"wp-block-list\"><li>kein Kunstd\u00fcnger<\/li><li>keine Pestizide<\/li><li>nur Zertifizierten Kompost einf\u00fchren<\/li><li>keine gentechnisch ver\u00e4nderte Organismen<\/li><li>kein Torf<\/li><li>im Zweifelsfall R\u00fccksprache mit dem Vorstand<\/li><li>sparsamer Umgang mit Wasser; nur in den Morgen- und Abendstunden w\u00e4ssern<\/li><\/ul>\n\n\n\n<p><\/p>\n\n\n\n<p><em>Beschlossen auf der Mitgliederversammlung am 14.3.2022<\/em><\/p>\n","protected":false},"excerpt":{"rendered":"<p>Verhaltensregeln f\u00fcr Mitglieder und G\u00e4ste &gt; Damit wir uns weiterhin wohlf\u00fchlen &lt; Aufr\u00e4umen (insbesondere Spielsachen + Gartenger\u00e4te) M\u00fcll wieder mitnehmen Hunde anleinen + keine Hundehaufen hinterlassen nichts kaputtmachen Sch\u00e4den melden Nutzung bis maximal 21:30Uhr! Und fr\u00fchestens 6:00Uhr Bewirtschaftung &gt; Giftfrei um Leben zu f\u00f6rdern &lt; kein Kunstd\u00fcnger keine Pestizide nur Zertifizierten Kompost einf\u00fchren keine gentechnisch &hellip; <a href=\"https:\/\/www.naturoase-scharnebeck.de\/index.php\/regeln\/\" class=\"excerpt-link\">Weiterlesen<\/a><\/p>\n","protected":false},"author":1,"featured_media":451,"parent":0,"menu_order":0,"comment_status":"closed","ping_status":"closed","template":"","meta":{"footnotes":""},"class_list":["post-446","page","type-page","status-publish","has-post-thumbnail","hentry"],"_links":{"self":[{"href":"https:\/\/www.naturoase-scharnebeck.de\/index.php\/wp-json\/wp\/v2\/pages\/446","targetHints":{"allow":["GET"]}}],"collection":[{"href":"https:\/\/www.naturoase-scharnebeck.de\/index.php\/wp-json\/wp\/v2\/pages"}],"about":[{"href":"https:\/\/www.naturoase-scharnebeck.de\/index.php\/wp-json\/wp\/v2\/types\/page"}],"author":[{"embeddable":true,"href":"https:\/\/www.naturoase-scharnebeck.de\/index.php\/wp-json\/wp\/v2\/users\/1"}],"replies":[{"embeddable":true,"href":"https:\/\/www.naturoase-scharnebeck.de\/index.php\/wp-json\/wp\/v2\/comments?post=446"}],"version-history":[{"count":2,"href":"https:\/\/www.naturoase-scharnebeck.de\/index.php\/wp-json\/wp\/v2\/pages\/446\/revisions"}],"predecessor-version":[{"id":450,"href":"https:\/\/www.naturoase-scharnebeck.de\/index.php\/wp-json\/wp\/v2\/pages\/446\/revisions\/450"}],"wp:featuredmedia":[{"embeddable":true,"href":"https:\/\/www.naturoase-scharnebeck.de\/index.php\/wp-json\/wp\/v2\/media\/451"}],"wp:attachment":[{"href":"https:\/\/www.naturoase-scharnebeck.de\/index.php\/wp-json\/wp\/v2\/media?parent=446"}],"curies":[{"name":"wp","href":"https:\/\/api.w.org\/{rel}","templated":true}]}}