{"id":31,"date":"2018-09-21T19:10:21","date_gmt":"2018-09-21T19:10:21","guid":{"rendered":"https:\/\/www.naturoase-scharnebeck.de\/?page_id=31"},"modified":"2019-04-18T23:31:00","modified_gmt":"2019-04-18T21:31:00","slug":"about","status":"publish","type":"page","link":"https:\/\/www.naturoase-scharnebeck.de\/index.php\/about\/","title":{"rendered":"\u00dcber uns"},"content":{"rendered":"<p>Wir sind eine kleine Gruppe Menschen unterschiedlichsten Alters, die selber mit anfassen wollen, mehr Natur in unseren Ort zu bringen.<\/p>\n<p>Dabei haben wir 3 Schwerpunkte in unserer Satzung verankert. Anlegen und pflegen von<\/p>\n<ol>\n<li>Insektenweide<\/li>\n<li>(Kinder) Spielfl\u00e4che<\/li>\n<li>Gemeinschaftsgarten<\/li>\n<\/ol>\n<p>Hier ist der aktuelle Entwurf f\u00fcr die Gestalltung des Gel\u00e4ndes<\/p>\n\n\n<figure class=\"wp-block-image\"><img loading=\"lazy\" decoding=\"async\" width=\"1024\" height=\"392\" src=\"https:\/\/www.naturoase-scharnebeck.de\/wp-content\/uploads\/2019\/04\/stand_april_2019-1024x392.png\" alt=\"\" class=\"wp-image-140\" srcset=\"https:\/\/www.naturoase-scharnebeck.de\/wp-content\/uploads\/2019\/04\/stand_april_2019-1024x392.png 1024w, https:\/\/www.naturoase-scharnebeck.de\/wp-content\/uploads\/2019\/04\/stand_april_2019-300x115.png 300w, https:\/\/www.naturoase-scharnebeck.de\/wp-content\/uploads\/2019\/04\/stand_april_2019-768x294.png 768w\" sizes=\"auto, (max-width: 1024px) 100vw, 1024px\" \/><\/figure>\n","protected":false},"excerpt":{"rendered":"<p>Wir sind eine kleine Gruppe Menschen unterschiedlichsten Alters, die selber mit anfassen wollen, mehr Natur in unseren Ort zu bringen. Dabei haben wir 3 Schwerpunkte in unserer Satzung verankert. Anlegen und pflegen von Insektenweide (Kinder) Spielfl\u00e4che Gemeinschaftsgarten Hier ist der aktuelle Entwurf f\u00fcr die Gestalltung des Gel\u00e4ndes<\/p>\n","protected":false},"author":1,"featured_media":112,"parent":0,"menu_order":0,"comment_status":"closed","ping_status":"closed","template":"","meta":{"footnotes":""},"class_list":["post-31","page","type-page","status-publish","has-post-thumbnail","hentry"],"_links":{"self":[{"href":"https:\/\/www.naturoase-scharnebeck.de\/index.php\/wp-json\/wp\/v2\/pages\/31","targetHints":{"allow":["GET"]}}],"collection":[{"href":"https:\/\/www.naturoase-scharnebeck.de\/index.php\/wp-json\/wp\/v2\/pages"}],"about":[{"href":"https:\/\/www.naturoase-scharnebeck.de\/index.php\/wp-json\/wp\/v2\/types\/page"}],"author":[{"embeddable":true,"href":"https:\/\/www.naturoase-scharnebeck.de\/index.php\/wp-json\/wp\/v2\/users\/1"}],"replies":[{"embeddable":true,"href":"https:\/\/www.naturoase-scharnebeck.de\/index.php\/wp-json\/wp\/v2\/comments?post=31"}],"version-history":[{"count":6,"href":"https:\/\/www.naturoase-scharnebeck.de\/index.php\/wp-json\/wp\/v2\/pages\/31\/revisions"}],"predecessor-version":[{"id":145,"href":"https:\/\/www.naturoase-scharnebeck.de\/index.php\/wp-json\/wp\/v2\/pages\/31\/revisions\/145"}],"wp:featuredmedia":[{"embeddable":true,"href":"https:\/\/www.naturoase-scharnebeck.de\/index.php\/wp-json\/wp\/v2\/media\/112"}],"wp:attachment":[{"href":"https:\/\/www.naturoase-scharnebeck.de\/index.php\/wp-json\/wp\/v2\/media?parent=31"}],"curies":[{"name":"wp","href":"https:\/\/api.w.org\/{rel}","templated":true}]}}