{"id":30,"date":"2018-09-21T19:10:21","date_gmt":"2018-09-21T19:10:21","guid":{"rendered":"https:\/\/www.naturoase-scharnebeck.de\/?page_id=30"},"modified":"2021-05-26T21:16:41","modified_gmt":"2021-05-26T19:16:41","slug":"home","status":"publish","type":"page","link":"https:\/\/www.naturoase-scharnebeck.de\/","title":{"rendered":"Home"},"content":{"rendered":"<p>Wir vom Verein Naturoase wollen zu einem Treffpunkt f\u00fcr alle werden, die daran interessiert sind, gemeinsam gesundes Gem\u00fcse und Obst anzubauen und R\u00fcckzugsbereiche f\u00fcr die heimische Tier- und Pflanzenwelt zu schaffen.<\/p>\n<p>Nach ca 10-j\u00e4hriger Brachezeit gilt es die Fl\u00e4che an der Echemer Stra\u00dfe \u00f6kologisch zu gestalten, die Artenvielfalt zu erh\u00f6hen, R\u00fcckzugsorte f\u00fcr N\u00fctzlinge schaffen und vieles mehr. Dazu sollen insbesondere eine Bienenweide, eine Spiel- und Lernfl\u00e4che f\u00fcr Kinder und ein Gemeinschaftsgarten entstehen.<\/p>\n<p>\u00dcber das dazu n\u00f6tige Wissen (\u00fcber nat\u00fcrliche Abl\u00e4ufe, Wechselwirkungen, Humusaufbau, Pflanzenvermehrung, &#8230; ) wollen wir uns mit euch austauschen und durch eigene Erfahrungen auf unserer Pachtfl\u00e4che vermehren. Hierbei ist unser Anliegen, dass die Wertsch\u00e4tzung f\u00fcr unseren wunderbaren Planeten auch im digitalen Zeitalter erhalten bleibt.<\/p>\n\n\n<h2 class=\"wp-block-heading\">Neuste Beitr\u00e4ge<\/h2>\n\n\n<ul class=\"wp-block-latest-posts__list is-grid columns-3 has-dates wp-block-latest-posts\"><li><div class=\"wp-block-latest-posts__featured-image aligncenter\"><a href=\"https:\/\/www.naturoase-scharnebeck.de\/index.php\/2026\/02\/03\/fruehjahrsputz-in-scharnebeck\/\" aria-label=\"Fr\u00fchjahrsputz in Scharnebeck\"><img loading=\"lazy\" decoding=\"async\" width=\"300\" height=\"226\" src=\"https:\/\/www.naturoase-scharnebeck.de\/wp-content\/uploads\/2024\/09\/Cleanup2024-300x226.jpg\" class=\"attachment-medium size-medium wp-post-image\" alt=\"\" style=\"\" srcset=\"https:\/\/www.naturoase-scharnebeck.de\/wp-content\/uploads\/2024\/09\/Cleanup2024-300x226.jpg 300w, https:\/\/www.naturoase-scharnebeck.de\/wp-content\/uploads\/2024\/09\/Cleanup2024-1024x771.jpg 1024w, https:\/\/www.naturoase-scharnebeck.de\/wp-content\/uploads\/2024\/09\/Cleanup2024-768x578.jpg 768w, https:\/\/www.naturoase-scharnebeck.de\/wp-content\/uploads\/2024\/09\/Cleanup2024-1536x1157.jpg 1536w, https:\/\/www.naturoase-scharnebeck.de\/wp-content\/uploads\/2024\/09\/Cleanup2024-2048x1542.jpg 2048w\" sizes=\"auto, (max-width: 300px) 100vw, 300px\" \/><\/a><\/div><a class=\"wp-block-latest-posts__post-title\" href=\"https:\/\/www.naturoase-scharnebeck.de\/index.php\/2026\/02\/03\/fruehjahrsputz-in-scharnebeck\/\">Fr\u00fchjahrsputz in Scharnebeck<\/a><time datetime=\"2026-02-03T21:03:56+01:00\" class=\"wp-block-latest-posts__post-date\">Februar 3, 2026<\/time><div class=\"wp-block-latest-posts__post-excerpt\">Gemeinsam gegen M\u00fcll und Unrat in unserem Dorf werden am 14. M\u00e4rz inder Gemeinde Scharnebeck die \u00c4rmel hochgekrempelt und zusammen f\u00fcr einsch\u00f6neres Dorfbild gesorgt. Die Vereine Naturoase undSchutzgemeinschaft Deutscher Wald (SDW) haben alles organisiert &hellip; <a href=\"https:\/\/www.naturoase-scharnebeck.de\/index.php\/2026\/02\/03\/fruehjahrsputz-in-scharnebeck\/\" class=\"excerpt-link\">Weiterlesen<\/a><\/div><\/li>\n<li><div class=\"wp-block-latest-posts__featured-image aligncenter\"><a href=\"https:\/\/www.naturoase-scharnebeck.de\/index.php\/2025\/07\/24\/muellsammelaktion-in-scharnebeck\/\" aria-label=\"M\u00fcllsammelaktion in Scharnebeck\"><img loading=\"lazy\" decoding=\"async\" width=\"300\" height=\"226\" src=\"https:\/\/www.naturoase-scharnebeck.de\/wp-content\/uploads\/2024\/09\/Cleanup2024-300x226.jpg\" class=\"attachment-medium size-medium wp-post-image\" alt=\"\" style=\"\" srcset=\"https:\/\/www.naturoase-scharnebeck.de\/wp-content\/uploads\/2024\/09\/Cleanup2024-300x226.jpg 300w, https:\/\/www.naturoase-scharnebeck.de\/wp-content\/uploads\/2024\/09\/Cleanup2024-1024x771.jpg 1024w, https:\/\/www.naturoase-scharnebeck.de\/wp-content\/uploads\/2024\/09\/Cleanup2024-768x578.jpg 768w, https:\/\/www.naturoase-scharnebeck.de\/wp-content\/uploads\/2024\/09\/Cleanup2024-1536x1157.jpg 1536w, https:\/\/www.naturoase-scharnebeck.de\/wp-content\/uploads\/2024\/09\/Cleanup2024-2048x1542.jpg 2048w\" sizes=\"auto, (max-width: 300px) 100vw, 300px\" \/><\/a><\/div><a class=\"wp-block-latest-posts__post-title\" href=\"https:\/\/www.naturoase-scharnebeck.de\/index.php\/2025\/07\/24\/muellsammelaktion-in-scharnebeck\/\">M\u00fcllsammelaktion in Scharnebeck<\/a><time datetime=\"2025-07-24T14:24:41+02:00\" class=\"wp-block-latest-posts__post-date\">Juli 24, 2025<\/time><div class=\"wp-block-latest-posts__post-excerpt\">Passend zum World-Cleanup-Day wollen wir auch in Scharnebeck aufr\u00e4umen. Dazu treffen wir uns am Samstag 20. September um 13 Uhr auf dem Dorfplatz (gegen\u00fcber Bardowicker Stra\u00dfe 2). Dort werden Greifer und M\u00fclls\u00e4cke ausgegeben, sowie &hellip; <a href=\"https:\/\/www.naturoase-scharnebeck.de\/index.php\/2025\/07\/24\/muellsammelaktion-in-scharnebeck\/\" class=\"excerpt-link\">Weiterlesen<\/a><\/div><\/li>\n<li><div class=\"wp-block-latest-posts__featured-image aligncenter\"><a href=\"https:\/\/www.naturoase-scharnebeck.de\/index.php\/2025\/06\/21\/sommerfest\/\" aria-label=\"Sommerfest 2025\"><img loading=\"lazy\" decoding=\"async\" width=\"225\" height=\"300\" src=\"https:\/\/www.naturoase-scharnebeck.de\/wp-content\/uploads\/2025\/06\/wp-17504807494456511299267731962357-225x300.jpg\" class=\"attachment-medium size-medium wp-post-image\" alt=\"\" style=\"\" srcset=\"https:\/\/www.naturoase-scharnebeck.de\/wp-content\/uploads\/2025\/06\/wp-17504807494456511299267731962357-225x300.jpg 225w, https:\/\/www.naturoase-scharnebeck.de\/wp-content\/uploads\/2025\/06\/wp-17504807494456511299267731962357-768x1024.jpg 768w, https:\/\/www.naturoase-scharnebeck.de\/wp-content\/uploads\/2025\/06\/wp-17504807494456511299267731962357-1152x1536.jpg 1152w, https:\/\/www.naturoase-scharnebeck.de\/wp-content\/uploads\/2025\/06\/wp-17504807494456511299267731962357-1536x2048.jpg 1536w, https:\/\/www.naturoase-scharnebeck.de\/wp-content\/uploads\/2025\/06\/wp-17504807494456511299267731962357-scaled.jpg 1920w\" sizes=\"auto, (max-width: 225px) 100vw, 225px\" \/><\/a><\/div><a class=\"wp-block-latest-posts__post-title\" href=\"https:\/\/www.naturoase-scharnebeck.de\/index.php\/2025\/06\/21\/sommerfest\/\">Sommerfest 2025<\/a><time datetime=\"2025-06-21T06:39:37+02:00\" class=\"wp-block-latest-posts__post-date\">Juni 21, 2025<\/time><div class=\"wp-block-latest-posts__post-excerpt\">Es ist wieder soweit wir freuen uns \u00fcber das Jahr und die M\u00f6glichkeit diesen Ort zugestalten. Kommt auf ein St\u00fcck Kuchen vorbei nutzt die Spielwiese oder seit bei der Gartenf\u00fchrung dabei. Ein besonderes Highlight &hellip; <a href=\"https:\/\/www.naturoase-scharnebeck.de\/index.php\/2025\/06\/21\/sommerfest\/\" class=\"excerpt-link\">Weiterlesen<\/a><\/div><\/li>\n<\/ul>","protected":false},"excerpt":{"rendered":"<p>Wir vom Verein Naturoase wollen zu einem Treffpunkt f\u00fcr alle werden, die daran interessiert sind, gemeinsam gesundes Gem\u00fcse und Obst anzubauen und R\u00fcckzugsbereiche f\u00fcr die heimische Tier- und Pflanzenwelt zu schaffen. Nach ca 10-j\u00e4hriger Brachezeit gilt es die Fl\u00e4che an der Echemer Stra\u00dfe \u00f6kologisch zu gestalten, die Artenvielfalt zu erh\u00f6hen, R\u00fcckzugsorte f\u00fcr N\u00fctzlinge schaffen und &hellip; <a href=\"https:\/\/www.naturoase-scharnebeck.de\/\" class=\"excerpt-link\">Weiterlesen<\/a><\/p>\n","protected":false},"author":1,"featured_media":201,"parent":0,"menu_order":0,"comment_status":"closed","ping_status":"closed","template":"","meta":{"footnotes":""},"class_list":["post-30","page","type-page","status-publish","has-post-thumbnail","hentry"],"_links":{"self":[{"href":"https:\/\/www.naturoase-scharnebeck.de\/index.php\/wp-json\/wp\/v2\/pages\/30","targetHints":{"allow":["GET"]}}],"collection":[{"href":"https:\/\/www.naturoase-scharnebeck.de\/index.php\/wp-json\/wp\/v2\/pages"}],"about":[{"href":"https:\/\/www.naturoase-scharnebeck.de\/index.php\/wp-json\/wp\/v2\/types\/page"}],"author":[{"embeddable":true,"href":"https:\/\/www.naturoase-scharnebeck.de\/index.php\/wp-json\/wp\/v2\/users\/1"}],"replies":[{"embeddable":true,"href":"https:\/\/www.naturoase-scharnebeck.de\/index.php\/wp-json\/wp\/v2\/comments?post=30"}],"version-history":[{"count":7,"href":"https:\/\/www.naturoase-scharnebeck.de\/index.php\/wp-json\/wp\/v2\/pages\/30\/revisions"}],"predecessor-version":[{"id":527,"href":"https:\/\/www.naturoase-scharnebeck.de\/index.php\/wp-json\/wp\/v2\/pages\/30\/revisions\/527"}],"wp:featuredmedia":[{"embeddable":true,"href":"https:\/\/www.naturoase-scharnebeck.de\/index.php\/wp-json\/wp\/v2\/media\/201"}],"wp:attachment":[{"href":"https:\/\/www.naturoase-scharnebeck.de\/index.php\/wp-json\/wp\/v2\/media?parent=30"}],"curies":[{"name":"wp","href":"https:\/\/api.w.org\/{rel}","templated":true}]}}